{"id":1088,"date":"2023-06-03T17:21:36","date_gmt":"2023-06-03T15:21:36","guid":{"rendered":"http:\/\/web.univ-bechar.dz\/vrdpo\/?page_id=1088"},"modified":"2023-06-03T17:21:36","modified_gmt":"2023-06-03T15:21:36","slug":"marches-publics","status":"publish","type":"page","link":"https:\/\/web.univ-bechar.dz\/vrdpo\/?page_id=1088","title":{"rendered":"MARCH\u00c9S PUBLICS"},"content":{"rendered":"[vc_row][vc_column][vc_toggle title=\u00a0\u00bbD\u00e9cret pr\u00e9sidentiel n\u00b0 15-247 du 2 Dhou El Hidja 1436 correspondant au 16 septembre 2015 portant r\u00e9glementation des march\u00e9s publics et des d\u00e9l\u00e9gations de service public.\u00a0\u00bb]<a href=\"http:\/\/web.univ-bechar.dz\/vrdpo\/wp-content\/uploads\/2023\/06\/Decret-presidentiel-15-247-du-2-du-16-septembre-2015-Reglementation-des-marches-publics-Ar.pdf\">D\u00e9cret pr\u00e9sidentiel 15-247 du 2 du 16 septembre 2015- Reglementation des march\u00e9s publics (Ar)<\/a><\/p>\n<p><a href=\"http:\/\/web.univ-bechar.dz\/vrdpo\/wp-content\/uploads\/2023\/06\/Decret-presidentiel-15-247-du-2-du-16-septembre-2015-Reglementation-des-marches-publics-Fr.pdf\">D\u00e9cret pr\u00e9sidentiel 15-247 du 2 du 16 septembre 2015- Reglementation des march\u00e9s publics (Fr)<\/a>[\/vc_toggle][\/vc_column][\/vc_row][vc_row][vc_column][vc_toggle title=\u00a0\u00bbArr\u00eat\u00e9 du 7 Rabie El Aouel 1437 correspondant au 19 d\u00e9cembre 2015 fixant les mod\u00e8les de d\u00e9claration de probit\u00e9, de d\u00e9claration de candidature, de d\u00e9claration \u2021 souscrire, de lettre de soumission et de d\u00e9claration du sous-traitant\u00a0\u00bb]<a href=\"https:\/\/web.univ-bechar.dz\/vrdpo\/wp-content\/uploads\/2023\/06\/Arrete-19-decembre-2015-ANNEXES-DECLARATION-Fr.pdf\" class=\"pdfemb-viewer\" style=\"\" data-width=\"max\" data-height=\"max\"  data-toolbar=\"bottom\" data-toolbar-fixed=\"off\">Arr\u00eat\u00e9 19 d\u00e9cembre 2015 -- ANNEXES DECLARATION (Fr)<br\/><\/a>[\/vc_toggle][\/vc_column][\/vc_row][vc_row][vc_column][vc_toggle title=\u00a0\u00bbD\u00e9cret ex\u00e9cutif n\u00b0 21-219 du 8 Chaoual 1442 correspondant au 20 mai 2021 portant approbation du cahier des clauses administratives g\u00e9n\u00e9rales applicables aux march\u00e9s publics de travaux. \u00ab CCAG-2021 \u00bb\u00a0\u00bb]<a href=\"https:\/\/web.univ-bechar.dz\/vrdpo\/wp-content\/uploads\/2023\/06\/Decret-executif-n\u00b0-21-219-du-20-mai-2021-cahier-des-clauses-administratives-generales-Ar.pdf\" class=\"pdfemb-viewer\" style=\"\" data-width=\"max\" data-height=\"max\"  data-toolbar=\"bottom\" data-toolbar-fixed=\"off\">D\u00e9cret ex\u00e9cutif n\u00b0 21-219 du 20 mai 2021-cahier des clauses administratives g\u00e9n\u00e9rales (Ar)<br\/><\/a><a href=\"https:\/\/web.univ-bechar.dz\/vrdpo\/wp-content\/uploads\/2023\/06\/Decret-executif-n\u00b0-21-219-du-20-mai-2021-cahier-des-clauses-administratives-generales-Fr.pdf\" class=\"pdfemb-viewer\" style=\"\" data-width=\"max\" data-height=\"max\"  data-toolbar=\"bottom\" data-toolbar-fixed=\"off\">D\u00e9cret ex\u00e9cutif n\u00b0 21-219 du 20 mai 2021-cahier des clauses administratives g\u00e9n\u00e9rales (Fr)<br\/><\/a>[\/vc_toggle][\/vc_column][\/vc_row][vc_row][vc_column][vc_toggle title=\u00a0\u00bbArr\u00eat\u00e9 interminist\u00e9riel du 15 mai 1988 portant modalit\u00e9s d\u2019exercice et de r\u00e9mun\u00e9ration de la ma\u00eetrise d\u2019\u0153uvre en b\u00e2timent\u00a0\u00bb][\/vc_toggle][\/vc_column][\/vc_row]\n","protected":false},"excerpt":{"rendered":"<p>[vc_row][vc_column][vc_toggle title=\u00a0\u00bbD\u00e9cret pr\u00e9sidentiel n\u00b0 15-247 du 2 Dhou El Hidja 1436 correspondant au 16 septembre 2015 portant r\u00e9glementation des march\u00e9s publics et des d\u00e9l\u00e9gations de service public.\u00a0\u00bb]D\u00e9cret pr\u00e9sidentiel 15-247 du 2 du 16 septembre 2015- Reglementation des march\u00e9s publics (Ar) D\u00e9cret pr\u00e9sidentiel 15-247 du 2 du 16 septembre 2015- Reglementation des march\u00e9s publics (Fr)[\/vc_toggle][\/vc_column][\/vc_row][vc_row][vc_column][vc_toggle title=\u00a0\u00bbArr\u00eat\u00e9 &hellip;<\/p>\n","protected":false},"author":1,"featured_media":0,"parent":0,"menu_order":0,"comment_status":"closed","ping_status":"closed","template":"","meta":{"footnotes":""},"class_list":["post-1088","page","type-page","status-publish","hentry"],"_links":{"self":[{"href":"https:\/\/web.univ-bechar.dz\/vrdpo\/index.php?rest_route=\/wp\/v2\/pages\/1088","targetHints":{"allow":["GET"]}}],"collection":[{"href":"https:\/\/web.univ-bechar.dz\/vrdpo\/index.php?rest_route=\/wp\/v2\/pages"}],"about":[{"href":"https:\/\/web.univ-bechar.dz\/vrdpo\/index.php?rest_route=\/wp\/v2\/types\/page"}],"author":[{"embeddable":true,"href":"https:\/\/web.univ-bechar.dz\/vrdpo\/index.php?rest_route=\/wp\/v2\/users\/1"}],"replies":[{"embeddable":true,"href":"https:\/\/web.univ-bechar.dz\/vrdpo\/index.php?rest_route=%2Fwp%2Fv2%2Fcomments&post=1088"}],"version-history":[{"count":0,"href":"https:\/\/web.univ-bechar.dz\/vrdpo\/index.php?rest_route=\/wp\/v2\/pages\/1088\/revisions"}],"wp:attachment":[{"href":"https:\/\/web.univ-bechar.dz\/vrdpo\/index.php?rest_route=%2Fwp%2Fv2%2Fmedia&parent=1088"}],"curies":[{"name":"wp","href":"https:\/\/api.w.org\/{rel}","templated":true}]}}