{"id":1085,"date":"2023-06-03T17:16:37","date_gmt":"2023-06-03T15:16:37","guid":{"rendered":"http:\/\/web.univ-bechar.dz\/vrdpo\/?page_id=1085"},"modified":"2023-06-03T17:16:37","modified_gmt":"2023-06-03T15:16:37","slug":"projets","status":"publish","type":"page","link":"https:\/\/web.univ-bechar.dz\/vrdpo\/?page_id=1085","title":{"rendered":"PROJETS"},"content":{"rendered":"<p><b>En cours de r\u00e9alisation<\/b><\/p>\n<p><b>R\u00e9alisation des 2000 places p\u00e9dagogiques de la facult\u00e9 de M\u00e9decine<\/b><\/p>\n<ul>\n<li aria-level=\"1\"><b>P\u00f4le universitaire Lahmar-<\/b><\/li>\n<\/ul>\n<p>&nbsp;<\/p>\n","protected":false},"excerpt":{"rendered":"<p>En cours de r\u00e9alisation R\u00e9alisation des 2000 places p\u00e9dagogiques de la facult\u00e9 de M\u00e9decine P\u00f4le universitaire Lahmar- &nbsp;<\/p>\n","protected":false},"author":1,"featured_media":0,"parent":0,"menu_order":0,"comment_status":"closed","ping_status":"closed","template":"","meta":{"footnotes":""},"class_list":["post-1085","page","type-page","status-publish","hentry"],"_links":{"self":[{"href":"https:\/\/web.univ-bechar.dz\/vrdpo\/index.php?rest_route=\/wp\/v2\/pages\/1085","targetHints":{"allow":["GET"]}}],"collection":[{"href":"https:\/\/web.univ-bechar.dz\/vrdpo\/index.php?rest_route=\/wp\/v2\/pages"}],"about":[{"href":"https:\/\/web.univ-bechar.dz\/vrdpo\/index.php?rest_route=\/wp\/v2\/types\/page"}],"author":[{"embeddable":true,"href":"https:\/\/web.univ-bechar.dz\/vrdpo\/index.php?rest_route=\/wp\/v2\/users\/1"}],"replies":[{"embeddable":true,"href":"https:\/\/web.univ-bechar.dz\/vrdpo\/index.php?rest_route=%2Fwp%2Fv2%2Fcomments&post=1085"}],"version-history":[{"count":0,"href":"https:\/\/web.univ-bechar.dz\/vrdpo\/index.php?rest_route=\/wp\/v2\/pages\/1085\/revisions"}],"wp:attachment":[{"href":"https:\/\/web.univ-bechar.dz\/vrdpo\/index.php?rest_route=%2Fwp%2Fv2%2Fmedia&parent=1085"}],"curies":[{"name":"wp","href":"https:\/\/api.w.org\/{rel}","templated":true}]}}