{"id":1081,"date":"2023-06-03T17:09:24","date_gmt":"2023-06-03T15:09:24","guid":{"rendered":"http:\/\/web.univ-bechar.dz\/vrdpo\/?page_id=1081"},"modified":"2023-06-03T17:09:24","modified_gmt":"2023-06-03T15:09:24","slug":"services-administratifs","status":"publish","type":"page","link":"https:\/\/web.univ-bechar.dz\/vrdpo\/?page_id=1081","title":{"rendered":"SERVICES ADMINISTRATIFS"},"content":{"rendered":"<p>Service des statistiques et de la prospective est charg\u00e9 de :<br \/>\n\uf0b7 R\u00e9unir les \u00e9l\u00e9ments n\u00e9cessaires \u00e0 l\u2019\u00e9laboration des projets de plans de d\u00e9veloppement<br \/>\nde l\u2019universit\u00e9,<br \/>\n\uf0b7 Effectuer toute \u00e9tude prospective sur les pr\u00e9visions d\u2019\u00e9volution des effectifs \u00e9tudiants<br \/>\nde l\u2019universit\u00e9 et proposer toute mesure pour leur prise en charge, notamment en<br \/>\nmati\u00e8re d\u2019\u00e9volution d\u2019encadrement p\u00e9dagogique et administratif,<br \/>\n\uf0b7 Tenir le fichier statistique de l\u2019universit\u00e9 en veillant \u00e0 sa mise \u00e0 jour p\u00e9riodique.<br \/>\nService de l\u2019orientation et de l\u2019information est charg\u00e9 de :<br \/>\n\uf0b7 Proc\u00e9der \u00e0 l\u2019\u00e9laboration de tout support d\u2019information sur les cursus d\u2019enseignement<br \/>\nassur\u00e9s par l\u2019universit\u00e9 et leurs d\u00e9bouch\u00e9s professionnels<br \/>\n\uf0b7 Mettre \u00e0 la disposition des \u00e9tudiants toute information devant les aider dans leur choix<br \/>\nd\u2019orientation<br \/>\n\uf0b7 \u00a0Promouvoir les actions d\u2019information des \u00e9tudiants<br \/>\nService du suivi des programmes de construction et d\u2019\u00e9quipement de l\u2019universit\u00e9\u00a0est<br \/>\ncharg\u00e9 de :<br \/>\n\uf0b7 Suivre les programmes de construction et assurer la mise en \u0153uvre des programmes<br \/>\nd\u2019\u00e9quipement de l\u2019universit\u00e9 en relation avec les services concern\u00e9s.<br \/>\n\uf0b7 Pr\u00e9paration des march\u00e9s publics\u00a0de construction et d\u2019\u00e9quipement.<\/p>\n","protected":false},"excerpt":{"rendered":"<p>Service des statistiques et de la prospective est charg\u00e9 de : \uf0b7 R\u00e9unir les \u00e9l\u00e9ments n\u00e9cessaires \u00e0 l\u2019\u00e9laboration des projets de plans de d\u00e9veloppement de l\u2019universit\u00e9, \uf0b7 Effectuer toute \u00e9tude prospective sur les pr\u00e9visions d\u2019\u00e9volution des effectifs \u00e9tudiants de l\u2019universit\u00e9 et proposer toute mesure pour leur prise en charge, notamment en mati\u00e8re d\u2019\u00e9volution d\u2019encadrement p\u00e9dagogique &hellip;<\/p>\n","protected":false},"author":1,"featured_media":0,"parent":0,"menu_order":0,"comment_status":"closed","ping_status":"closed","template":"","meta":{"footnotes":""},"class_list":["post-1081","page","type-page","status-publish","hentry"],"_links":{"self":[{"href":"https:\/\/web.univ-bechar.dz\/vrdpo\/index.php?rest_route=\/wp\/v2\/pages\/1081","targetHints":{"allow":["GET"]}}],"collection":[{"href":"https:\/\/web.univ-bechar.dz\/vrdpo\/index.php?rest_route=\/wp\/v2\/pages"}],"about":[{"href":"https:\/\/web.univ-bechar.dz\/vrdpo\/index.php?rest_route=\/wp\/v2\/types\/page"}],"author":[{"embeddable":true,"href":"https:\/\/web.univ-bechar.dz\/vrdpo\/index.php?rest_route=\/wp\/v2\/users\/1"}],"replies":[{"embeddable":true,"href":"https:\/\/web.univ-bechar.dz\/vrdpo\/index.php?rest_route=%2Fwp%2Fv2%2Fcomments&post=1081"}],"version-history":[{"count":0,"href":"https:\/\/web.univ-bechar.dz\/vrdpo\/index.php?rest_route=\/wp\/v2\/pages\/1081\/revisions"}],"wp:attachment":[{"href":"https:\/\/web.univ-bechar.dz\/vrdpo\/index.php?rest_route=%2Fwp%2Fv2%2Fmedia&parent=1081"}],"curies":[{"name":"wp","href":"https:\/\/api.w.org\/{rel}","templated":true}]}}