{"id":1079,"date":"2023-06-03T17:07:05","date_gmt":"2023-06-03T15:07:05","guid":{"rendered":"http:\/\/web.univ-bechar.dz\/vrdpo\/?page_id=1079"},"modified":"2023-06-03T17:07:05","modified_gmt":"2023-06-03T15:07:05","slug":"vice-rectorat-du-developpement-de-la-prospective-et-de-lorientation","status":"publish","type":"page","link":"https:\/\/web.univ-bechar.dz\/vrdpo\/?page_id=1079","title":{"rendered":"Vice-rectorat du d\u00e9veloppement, de la prospective et de l\u2019orientation"},"content":{"rendered":"<p>Vice-Recteur\u00a0: Pr DAHOU Zohra<br \/>\nLe vice-rectorat du d\u00e9veloppement, de la prospective et de l\u2019orientation est charg\u00e9 de :<\/p>\n<ul>\n<li>Suivre les programmes de construction et assurer la mise en \u0153uvre des programmes<br \/>\nd\u2019\u00e9quipement de l\u2019universit\u00e9 en relation avec les services concern\u00e9s<\/li>\n<li>R\u00e9unir les \u00e9l\u00e9ments n\u00e9cessaires \u00e0 l\u2019\u00e9laboration des projets de plans de d\u00e9veloppement<br \/>\nde l\u2019universit\u00e9 ;<\/li>\n<li>Effectuer toute \u00e9tude prospective sur les pr\u00e9visions d\u2019\u00e9volution des effectifs \u00e9tudiants<br \/>\nde l\u2019universit\u00e9 et proposer toute mesure pour leur prise en charge ;<\/li>\n<li>Tenir le fichier statistique de l\u2019universit\u00e9 en veillant \u00e0 sa mise \u00e0 jour p\u00e9riodique ;<\/li>\n<li>Proc\u00e9der \u00e0 l\u2019\u00e9laboration de tout support d\u2019information sur les cursus d\u2019enseignement<br \/>\nassur\u00e9s par l\u2019universit\u00e9 et leurs d\u00e9bouch\u00e9s professionnels ;<\/li>\n<li>Mettre \u00e0 la d\u00e9position des \u00e9tudiants toute information devant les aider dans leur choix<br \/>\nd\u2019orientation<\/li>\n<\/ul>\n","protected":false},"excerpt":{"rendered":"<p>Vice-Recteur\u00a0: Pr DAHOU Zohra Le vice-rectorat du d\u00e9veloppement, de la prospective et de l\u2019orientation est charg\u00e9 de : Suivre les programmes de construction et assurer la mise en \u0153uvre des programmes d\u2019\u00e9quipement de l\u2019universit\u00e9 en relation avec les services concern\u00e9s R\u00e9unir les \u00e9l\u00e9ments n\u00e9cessaires \u00e0 l\u2019\u00e9laboration des projets de plans de d\u00e9veloppement de l\u2019universit\u00e9 ; &hellip;<\/p>\n","protected":false},"author":1,"featured_media":0,"parent":0,"menu_order":0,"comment_status":"closed","ping_status":"closed","template":"","meta":{"footnotes":""},"class_list":["post-1079","page","type-page","status-publish","hentry"],"_links":{"self":[{"href":"https:\/\/web.univ-bechar.dz\/vrdpo\/index.php?rest_route=\/wp\/v2\/pages\/1079","targetHints":{"allow":["GET"]}}],"collection":[{"href":"https:\/\/web.univ-bechar.dz\/vrdpo\/index.php?rest_route=\/wp\/v2\/pages"}],"about":[{"href":"https:\/\/web.univ-bechar.dz\/vrdpo\/index.php?rest_route=\/wp\/v2\/types\/page"}],"author":[{"embeddable":true,"href":"https:\/\/web.univ-bechar.dz\/vrdpo\/index.php?rest_route=\/wp\/v2\/users\/1"}],"replies":[{"embeddable":true,"href":"https:\/\/web.univ-bechar.dz\/vrdpo\/index.php?rest_route=%2Fwp%2Fv2%2Fcomments&post=1079"}],"version-history":[{"count":0,"href":"https:\/\/web.univ-bechar.dz\/vrdpo\/index.php?rest_route=\/wp\/v2\/pages\/1079\/revisions"}],"wp:attachment":[{"href":"https:\/\/web.univ-bechar.dz\/vrdpo\/index.php?rest_route=%2Fwp%2Fv2%2Fmedia&parent=1079"}],"curies":[{"name":"wp","href":"https:\/\/api.w.org\/{rel}","templated":true}]}}