{"id":1394,"date":"2023-06-12T20:37:02","date_gmt":"2023-06-12T18:37:02","guid":{"rendered":"http:\/\/web.univ-bechar.dz\/etranger\/index.php\/mot-de-passe-oublie\/"},"modified":"2023-06-12T20:37:02","modified_gmt":"2023-06-12T18:37:02","slug":"mot-de-passe-oublie","status":"publish","type":"page","link":"https:\/\/web.univ-bechar.dz\/etranger\/index.php\/mot-de-passe-oublie\/","title":{"rendered":"Mot de passe oubli\u00e9"},"content":{"rendered":"<div class=\"pmagic\">  \n <div class=\"pm-login-box pm-dbfl pm-border pm-radius5\"> \n   \n \n \n <form id=\"lostpasswordform\" class=\"pmagic-form pm-dbfl pm-bg-lt\" action=\"https:\/\/web.univ-bechar.dz\/etranger\/wp-login.php?action=lostpassword\" method=\"post\">\n     <div class=\"pm-login-header pm-dbfl pm-bg pm-border-bt pm-pad10\">Si vous avez perdu votre mot de passe, nous pouvons vous aider \u00e0 le r\u00e9initialiser. Pour lancer le processus de r\u00e9initialisation du mot de passe, veuillez entrer votre nom d&#039;utilisateur ou votre email dans la case ci-dessous et cliquer sur le bouton.<\/div>\n     <input type=\"text\" name=\"user_login\" id=\"user_login\" placeholder=\"Identifiant ou adresse e-mail\">\n         \n    \n            <div class=\"pm-login-box-bottom-container pm-dbfl pm-bg pm-border\">\n                <input type=\"submit\" name=\"submit\" class=\"lostpassword-button\" value=\"Modifier le mot de passe\"\/>\n            <\/div>\n  <\/form>\n  <\/div>\n <\/div>\n\n","protected":false},"excerpt":{"rendered":"Si vous avez perdu votre mot de passe, nous pouvons vous aider \u00e0 le r\u00e9initialiser. Pour lancer le processus de r\u00e9initialisation du mot de passe, veuillez entrer votre nom d&#039;utilisateur ou votre email dans la case ci-dessous et cliquer sur le bouton.","protected":false},"author":1,"featured_media":0,"parent":0,"menu_order":0,"comment_status":"closed","ping_status":"closed","template":"","meta":{"footnotes":""},"_links":{"self":[{"href":"https:\/\/web.univ-bechar.dz\/etranger\/index.php\/wp-json\/wp\/v2\/pages\/1394"}],"collection":[{"href":"https:\/\/web.univ-bechar.dz\/etranger\/index.php\/wp-json\/wp\/v2\/pages"}],"about":[{"href":"https:\/\/web.univ-bechar.dz\/etranger\/index.php\/wp-json\/wp\/v2\/types\/page"}],"author":[{"embeddable":true,"href":"https:\/\/web.univ-bechar.dz\/etranger\/index.php\/wp-json\/wp\/v2\/users\/1"}],"replies":[{"embeddable":true,"href":"https:\/\/web.univ-bechar.dz\/etranger\/index.php\/wp-json\/wp\/v2\/comments?post=1394"}],"version-history":[{"count":0,"href":"https:\/\/web.univ-bechar.dz\/etranger\/index.php\/wp-json\/wp\/v2\/pages\/1394\/revisions"}],"wp:attachment":[{"href":"https:\/\/web.univ-bechar.dz\/etranger\/index.php\/wp-json\/wp\/v2\/media?parent=1394"}],"curies":[{"name":"wp","href":"https:\/\/api.w.org\/{rel}","templated":true}]}}